{"id":46,"date":"2023-09-20T22:35:00","date_gmt":"2023-09-20T22:35:00","guid":{"rendered":"https:\/\/imprentavisiongrafica.com\/?page_id=46"},"modified":"2025-08-12T17:27:01","modified_gmt":"2025-08-12T17:27:01","slug":"contactos","status":"publish","type":"page","link":"https:\/\/imprentavisiongrafica.com\/index.php\/contactos\/","title":{"rendered":"Contacto"},"content":{"rendered":"\t\t<div data-elementor-type=\"wp-page\" data-elementor-id=\"46\" class=\"elementor elementor-46\">\n\t\t\t\t\t\t\t<div class=\"elementor-element elementor-element-f42e659 e-flex e-con-boxed e-con e-parent\" data-id=\"f42e659\" data-element_type=\"container\" data-settings=\"{&quot;content_width&quot;:&quot;boxed&quot;}\" data-core-v316-plus=\"true\">\n\t\t\t\t\t<div class=\"e-con-inner\">\n\t\t\t\t<div class=\"elementor-element elementor-element-099101e elementor-widget elementor-widget-wpforms\" data-id=\"099101e\" data-element_type=\"widget\" data-widget_type=\"wpforms.default\">\n\t\t\t\t<div class=\"elementor-widget-container\">\n\t\t\t<div class=\"wpforms-container wpforms-container-full wpforms-render-modern\" id=\"wpforms-331\"><form id=\"wpforms-form-331\" class=\"wpforms-validate wpforms-form wpforms-ajax-form\" data-formid=\"331\" method=\"post\" enctype=\"multipart\/form-data\" action=\"\/index.php\/wp-json\/wp\/v2\/pages\/46\" data-token=\"9a191784f3a3ecda5d0ed27214e949c4\" data-token-time=\"1776299104\"><noscript class=\"wpforms-error-noscript\">Por favor, activa JavaScript en tu navegador para completar este formulario.<\/noscript><div id=\"wpforms-error-noscript\" style=\"display: none;\">Por favor, activa JavaScript en tu navegador para completar este formulario.<\/div><div class=\"wpforms-field-container\"><div id=\"wpforms-331-field_13-container\" class=\"wpforms-field wpforms-field-text\" data-field-id=\"13\"><label class=\"wpforms-field-label\" for=\"wpforms-331-field_13\">N\u00b0 Cedula <span class=\"wpforms-required-label\" aria-hidden=\"true\">*<\/span><\/label><input type=\"text\" id=\"wpforms-331-field_13\" class=\"wpforms-field-small wpforms-field-required\" name=\"wpforms[fields][13]\" aria-errormessage=\"wpforms-331-field_13-error\" required><\/div><div id=\"wpforms-331-field_1-container\" class=\"wpforms-field wpforms-field-name\" data-field-id=\"1\"><fieldset><legend class=\"wpforms-field-label\">Nombre <span class=\"wpforms-required-label\" aria-hidden=\"true\">*<\/span><\/legend><div class=\"wpforms-field-row wpforms-field-large\"><div class=\"wpforms-field-row-block wpforms-first wpforms-one-half\"><input type=\"text\" id=\"wpforms-331-field_1\" class=\"wpforms-field-name-first wpforms-field-required\" name=\"wpforms[fields][1][first]\" aria-errormessage=\"wpforms-331-field_1-error\" required><label for=\"wpforms-331-field_1\" class=\"wpforms-field-sublabel after\">Nombre<\/label><\/div><div class=\"wpforms-field-row-block wpforms-one-half\"><input type=\"text\" id=\"wpforms-331-field_1-last\" class=\"wpforms-field-name-last wpforms-field-required\" name=\"wpforms[fields][1][last]\" aria-errormessage=\"wpforms-331-field_1-last-error\" required><label for=\"wpforms-331-field_1-last\" class=\"wpforms-field-sublabel after\">Apellidos<\/label><\/div><\/div><\/fieldset><\/div>\t\t<div id=\"wpforms-331-field_4-container\"\n\t\t\tclass=\"wpforms-field wpforms-field-text\"\n\t\t\tdata-field-type=\"text\"\n\t\t\tdata-field-id=\"4\"\n\t\t\t>\n\t\t\t<label class=\"wpforms-field-label\" for=\"wpforms-331-field_4\" >Cedula Edad de<\/label>\n\t\t\t<input type=\"text\" id=\"wpforms-331-field_4\" class=\"wpforms-field-medium\" name=\"wpforms[fields][4]\" >\n\t\t<\/div>\n\t\t<div id=\"wpforms-331-field_11-container\" class=\"wpforms-field wpforms-field-text\" data-field-id=\"11\"><label class=\"wpforms-field-label\" for=\"wpforms-331-field_11\">Edad <span class=\"wpforms-required-label\" aria-hidden=\"true\">*<\/span><\/label><input type=\"text\" id=\"wpforms-331-field_11\" class=\"wpforms-field-small wpforms-field-required\" name=\"wpforms[fields][11]\" aria-errormessage=\"wpforms-331-field_11-error\" aria-describedby=\"wpforms-331-field_11-description\" required><div id=\"wpforms-331-field_11-description\" class=\"wpforms-field-description\">Mayor de 18 a\u00f1os<\/div><\/div><div id=\"wpforms-331-field_2-container\" class=\"wpforms-field wpforms-field-number\" data-field-id=\"2\"><label class=\"wpforms-field-label\" for=\"wpforms-331-field_2\">Celular <span class=\"wpforms-required-label\" aria-hidden=\"true\">*<\/span><\/label><input type=\"number\" id=\"wpforms-331-field_2\" class=\"wpforms-field-small wpforms-field-required\" name=\"wpforms[fields][2]\" step=\"any\" aria-errormessage=\"wpforms-331-field_2-error\" required><\/div><div id=\"wpforms-331-field_3-container\" class=\"wpforms-field wpforms-field-email\" data-field-id=\"3\"><label class=\"wpforms-field-label\" for=\"wpforms-331-field_3\">Correo electr\u00f3nico <span class=\"wpforms-required-label\" aria-hidden=\"true\">*<\/span><\/label><input type=\"email\" id=\"wpforms-331-field_3\" class=\"wpforms-field-medium wpforms-field-required\" name=\"wpforms[fields][3]\" spellcheck=\"false\" aria-errormessage=\"wpforms-331-field_3-error\" required><\/div><div id=\"wpforms-331-field_5-container\" class=\"wpforms-field wpforms-field-select wpforms-field-select-style-classic\" data-field-id=\"5\"><label class=\"wpforms-field-label\" for=\"wpforms-331-field_5\">Nivel de conocimientos de Dise\u00f1o Gr\u00e1fico <span class=\"wpforms-required-label\" aria-hidden=\"true\">*<\/span><\/label><select id=\"wpforms-331-field_5\" class=\"wpforms-field-medium wpforms-field-required\" name=\"wpforms[fields][5]\" required=\"required\"><option value=\"\" class=\"placeholder\" disabled  selected='selected'>-- Selecciona la opci\u00f3n --<\/option><option value=\"Nivel B\u00e1sico\" >Nivel B\u00e1sico<\/option><option value=\"Nivel Intermedio\" >Nivel Intermedio<\/option><option value=\"Nivel Avanzado\" >Nivel Avanzado<\/option><\/select><\/div><div id=\"wpforms-331-field_12-container\" class=\"wpforms-field wpforms-field-checkbox\" data-field-id=\"12\"><fieldset><legend class=\"wpforms-field-label\">Nivel de Estudios <span class=\"wpforms-required-label\" aria-hidden=\"true\">*<\/span><\/legend><ul id=\"wpforms-331-field_12\" class=\"wpforms-field-required\" data-choice-limit=\"1\"><li class=\"choice-1 depth-1\"><input type=\"checkbox\" id=\"wpforms-331-field_12_1\" data-rule-check-limit=\"true\" name=\"wpforms[fields][12][]\" value=\"Tercer Nivel\" aria-errormessage=\"wpforms-331-field_12_1-error\" required ><label class=\"wpforms-field-label-inline\" for=\"wpforms-331-field_12_1\">Tercer Nivel<\/label><\/li><li class=\"choice-2 depth-1\"><input type=\"checkbox\" id=\"wpforms-331-field_12_2\" data-rule-check-limit=\"true\" name=\"wpforms[fields][12][]\" value=\"Colegio\" aria-errormessage=\"wpforms-331-field_12_2-error\" required ><label class=\"wpforms-field-label-inline\" for=\"wpforms-331-field_12_2\">Colegio<\/label><\/li><\/ul><\/fieldset><\/div><div id=\"wpforms-331-field_10-container\" class=\"wpforms-field wpforms-field-checkbox\" data-field-id=\"10\"><fieldset><legend class=\"wpforms-field-label\">Disponibilidad <span class=\"wpforms-required-label\" aria-hidden=\"true\">*<\/span><\/legend><ul id=\"wpforms-331-field_10\" class=\"wpforms-field-required\"><li class=\"choice-1 depth-1\"><input type=\"checkbox\" id=\"wpforms-331-field_10_1\" name=\"wpforms[fields][10][]\" value=\"Ma\u00f1ana\" aria-errormessage=\"wpforms-331-field_10_1-error\" required ><label class=\"wpforms-field-label-inline\" for=\"wpforms-331-field_10_1\">Ma\u00f1ana<\/label><\/li><li class=\"choice-2 depth-1\"><input type=\"checkbox\" id=\"wpforms-331-field_10_2\" name=\"wpforms[fields][10][]\" value=\"Tarde\" aria-errormessage=\"wpforms-331-field_10_2-error\" required ><label class=\"wpforms-field-label-inline\" for=\"wpforms-331-field_10_2\">Tarde<\/label><\/li><li class=\"choice-3 depth-1\"><input type=\"checkbox\" id=\"wpforms-331-field_10_3\" name=\"wpforms[fields][10][]\" value=\"Fines de semana\" aria-errormessage=\"wpforms-331-field_10_3-error\" required ><label class=\"wpforms-field-label-inline\" for=\"wpforms-331-field_10_3\">Fines de semana<\/label><\/li><\/ul><\/fieldset><\/div><div id=\"wpforms-331-field_7-container\" class=\"wpforms-field wpforms-field-number-slider\" data-field-id=\"7\"><label class=\"wpforms-field-label\" for=\"wpforms-331-field_7\">Expectativa Salarial<\/label>\n<input\n\ttype=\"range\"\n\tid=\"wpforms-331-field_7\" class=\"wpforms-field-medium\" name=\"wpforms[fields][7]\" value=\"1\" aria-errormessage=\"wpforms-331-field_7-error\"\t\tmin=\"0\"\n\tmax=\"470\"\n\tstep=\"1\">\n\n<div class=\"wpforms-field-number-slider-hint\"\n\tdata-hint=\"Valor seleccionado: {value}\">\n\tValor seleccionado: <b>1<\/b><\/div>\n<\/div><div id=\"wpforms-331-field_8-container\" class=\"wpforms-field wpforms-field-text\" data-field-id=\"8\"><label class=\"wpforms-field-label\" for=\"wpforms-331-field_8\">Cu\u00e9ntanos m\u00e1s sobre ti <span class=\"wpforms-required-label\" aria-hidden=\"true\">*<\/span><\/label><input type=\"text\" id=\"wpforms-331-field_8\" class=\"wpforms-field-large wpforms-field-required\" name=\"wpforms[fields][8]\" aria-errormessage=\"wpforms-331-field_8-error\" required><\/div><script>\n\t\t\t\t( function() {\n\t\t\t\t\tconst style = document.createElement( 'style' );\n\t\t\t\t\tstyle.appendChild( document.createTextNode( '#wpforms-331-field_4-container { position: absolute !important; overflow: hidden !important; display: inline !important; height: 1px !important; width: 1px !important; z-index: -1000 !important; padding: 0 !important; } #wpforms-331-field_4-container input { visibility: hidden; } #wpforms-conversational-form-page #wpforms-331-field_4-container label { counter-increment: none; }' ) );\n\t\t\t\t\tdocument.head.appendChild( style );\n\t\t\t\t\tdocument.currentScript?.remove();\n\t\t\t\t} )();\n\t\t\t<\/script><\/div><!-- .wpforms-field-container --><div class=\"wpforms-submit-container\" ><input type=\"hidden\" name=\"wpforms[id]\" value=\"331\"><input type=\"hidden\" name=\"page_title\" value=\"\"><input type=\"hidden\" name=\"page_url\" value=\"https:\/\/imprentavisiongrafica.com\/index.php\/wp-json\/wp\/v2\/pages\/46\"><input type=\"hidden\" name=\"url_referer\" value=\"\"><button type=\"submit\" name=\"wpforms[submit]\" id=\"wpforms-submit-331\" class=\"wpforms-submit\" data-alt-text=\"Enviando...\" data-submit-text=\"Enviar\" aria-live=\"assertive\" value=\"wpforms-submit\">Enviar<\/button><img decoding=\"async\" loading=\"lazy\" src=\"https:\/\/imprentavisiongrafica.com\/wp-content\/plugins\/wpforms-lite\/assets\/images\/submit-spin.svg\" class=\"wpforms-submit-spinner\" style=\"display: none;\" width=\"26\" height=\"26\" alt=\"Cargando\"><\/div><\/form><\/div>  <!-- .wpforms-container -->\t\t<\/div>\n\t\t\t\t<\/div>\n\t\t\t\t\t<\/div>\n\t\t\t\t<\/div>\n\t\t\t\t\t\t\t<\/div>\n\t\t","protected":false},"excerpt":{"rendered":"<p>Por favor, activa JavaScript en tu navegador para completar este formulario.Por favor, activa JavaScript en tu navegador para completar este formulario.N\u00b0 Cedula Nombre * NombreApellidos Edad *Mayor de 18 a\u00f1osCelular *Correo electr\u00f3nico *Nivel de conocimientos de Dise\u00f1o Gr\u00e1fico *&#8212; Selecciona la opci\u00f3n &#8212;Nivel B\u00e1sicoNivel IntermedioNivel Avanzado Nivel de Estudios Tercer Nivel Colegio Disponibilidad Ma\u00f1ana Tarde &hellip; <\/p>\n<p class=\"link-more\"><a href=\"https:\/\/imprentavisiongrafica.com\/index.php\/contactos\/\" class=\"more-link\">Leer m\u00e1s<span class=\"screen-reader-text\"> \u00abContacto\u00bb<\/span><\/a><\/p>\n","protected":false},"author":1,"featured_media":0,"parent":0,"menu_order":0,"comment_status":"closed","ping_status":"closed","template":"","meta":{"_monsterinsights_skip_tracking":false,"_monsterinsights_sitenote_active":false,"_monsterinsights_sitenote_note":"","_monsterinsights_sitenote_category":0,"footnotes":""},"aioseo_notices":[],"_links":{"self":[{"href":"https:\/\/imprentavisiongrafica.com\/index.php\/wp-json\/wp\/v2\/pages\/46"}],"collection":[{"href":"https:\/\/imprentavisiongrafica.com\/index.php\/wp-json\/wp\/v2\/pages"}],"about":[{"href":"https:\/\/imprentavisiongrafica.com\/index.php\/wp-json\/wp\/v2\/types\/page"}],"author":[{"embeddable":true,"href":"https:\/\/imprentavisiongrafica.com\/index.php\/wp-json\/wp\/v2\/users\/1"}],"replies":[{"embeddable":true,"href":"https:\/\/imprentavisiongrafica.com\/index.php\/wp-json\/wp\/v2\/comments?post=46"}],"version-history":[{"count":58,"href":"https:\/\/imprentavisiongrafica.com\/index.php\/wp-json\/wp\/v2\/pages\/46\/revisions"}],"predecessor-version":[{"id":347,"href":"https:\/\/imprentavisiongrafica.com\/index.php\/wp-json\/wp\/v2\/pages\/46\/revisions\/347"}],"wp:attachment":[{"href":"https:\/\/imprentavisiongrafica.com\/index.php\/wp-json\/wp\/v2\/media?parent=46"}],"curies":[{"name":"wp","href":"https:\/\/api.w.org\/{rel}","templated":true}]}}